{"id":1419,"date":"2024-12-03T09:06:00","date_gmt":"2024-12-03T09:06:00","guid":{"rendered":"https:\/\/autohaus-peschel.de\/?page_id=1419"},"modified":"2024-12-06T09:03:47","modified_gmt":"2024-12-06T09:03:47","slug":"autovermietung","status":"publish","type":"page","link":"https:\/\/autohaus-peschel.de\/?page_id=1419","title":{"rendered":"Autovermietung"},"content":{"rendered":"\t\t<div data-elementor-type=\"wp-page\" data-elementor-id=\"1419\" class=\"elementor elementor-1419\">\n\t\t\t\t\t\t<section class=\"elementor-section elementor-top-section elementor-element elementor-element-fbdfaaa elementor-section-boxed elementor-section-height-default elementor-section-height-default\" data-id=\"fbdfaaa\" data-element_type=\"section\">\n\t\t\t\t\t\t<div class=\"elementor-container elementor-column-gap-default\">\n\t\t\t\t\t<div class=\"elementor-column elementor-col-33 elementor-top-column elementor-element elementor-element-e942c17\" data-id=\"e942c17\" data-element_type=\"column\">\n\t\t\t<div class=\"elementor-widget-wrap elementor-element-populated\">\n\t\t\t\t\t\t<div class=\"elementor-element elementor-element-02dd677 elementor-widget elementor-widget-image\" data-id=\"02dd677\" data-element_type=\"widget\" data-widget_type=\"image.default\">\n\t\t\t\t<div class=\"elementor-widget-container\">\n\t\t\t<style>\/*! elementor - v3.23.0 - 05-08-2024 *\/\n.elementor-widget-image{text-align:center}.elementor-widget-image a{display:inline-block}.elementor-widget-image a img[src$=\".svg\"]{width:48px}.elementor-widget-image img{vertical-align:middle;display:inline-block}<\/style>\t\t\t\t\t\t\t\t\t\t<img fetchpriority=\"high\" decoding=\"async\" width=\"1024\" height=\"768\" src=\"https:\/\/autohaus-peschel.de\/wp-content\/uploads\/2024\/12\/IMG_5230-1024x768.jpg\" class=\"attachment-large size-large wp-image-1444\" alt=\"\" srcset=\"https:\/\/autohaus-peschel.de\/wp-content\/uploads\/2024\/12\/IMG_5230-1024x768.jpg 1024w, https:\/\/autohaus-peschel.de\/wp-content\/uploads\/2024\/12\/IMG_5230-300x225.jpg 300w, https:\/\/autohaus-peschel.de\/wp-content\/uploads\/2024\/12\/IMG_5230-768x576.jpg 768w, https:\/\/autohaus-peschel.de\/wp-content\/uploads\/2024\/12\/IMG_5230-1536x1152.jpg 1536w, https:\/\/autohaus-peschel.de\/wp-content\/uploads\/2024\/12\/IMG_5230.jpg 2048w\" sizes=\"(max-width: 1024px) 100vw, 1024px\" \/>\t\t\t\t\t\t\t\t\t\t\t\t\t<\/div>\n\t\t\t\t<\/div>\n\t\t\t\t\t<\/div>\n\t\t<\/div>\n\t\t\t\t<div class=\"elementor-column elementor-col-33 elementor-top-column elementor-element elementor-element-2b47501\" data-id=\"2b47501\" data-element_type=\"column\">\n\t\t\t<div class=\"elementor-widget-wrap elementor-element-populated\">\n\t\t\t\t\t\t<div class=\"elementor-element elementor-element-22c4532 elementor-widget elementor-widget-image\" data-id=\"22c4532\" data-element_type=\"widget\" data-widget_type=\"image.default\">\n\t\t\t\t<div class=\"elementor-widget-container\">\n\t\t\t\t\t\t\t\t\t\t\t\t\t<img decoding=\"async\" width=\"1024\" height=\"768\" src=\"https:\/\/autohaus-peschel.de\/wp-content\/uploads\/2024\/12\/20211006_100314-1024x768.jpg\" class=\"attachment-large size-large wp-image-1445\" alt=\"\" srcset=\"https:\/\/autohaus-peschel.de\/wp-content\/uploads\/2024\/12\/20211006_100314-1024x768.jpg 1024w, https:\/\/autohaus-peschel.de\/wp-content\/uploads\/2024\/12\/20211006_100314-300x225.jpg 300w, https:\/\/autohaus-peschel.de\/wp-content\/uploads\/2024\/12\/20211006_100314-768x576.jpg 768w, https:\/\/autohaus-peschel.de\/wp-content\/uploads\/2024\/12\/20211006_100314-1536x1152.jpg 1536w, https:\/\/autohaus-peschel.de\/wp-content\/uploads\/2024\/12\/20211006_100314-2048x1536.jpg 2048w\" sizes=\"(max-width: 1024px) 100vw, 1024px\" \/>\t\t\t\t\t\t\t\t\t\t\t\t\t<\/div>\n\t\t\t\t<\/div>\n\t\t\t\t\t<\/div>\n\t\t<\/div>\n\t\t\t\t<div class=\"elementor-column elementor-col-33 elementor-top-column elementor-element elementor-element-deb06d7\" data-id=\"deb06d7\" data-element_type=\"column\">\n\t\t\t<div class=\"elementor-widget-wrap elementor-element-populated\">\n\t\t\t\t\t\t<div class=\"elementor-element elementor-element-5c25455 elementor-widget elementor-widget-image\" data-id=\"5c25455\" data-element_type=\"widget\" data-widget_type=\"image.default\">\n\t\t\t\t<div class=\"elementor-widget-container\">\n\t\t\t\t\t\t\t\t\t\t\t\t\t<img decoding=\"async\" width=\"1024\" height=\"768\" src=\"https:\/\/autohaus-peschel.de\/wp-content\/uploads\/2024\/12\/IMG_5229-1024x768.jpg\" class=\"attachment-large size-large wp-image-1446\" alt=\"\" srcset=\"https:\/\/autohaus-peschel.de\/wp-content\/uploads\/2024\/12\/IMG_5229-1024x768.jpg 1024w, https:\/\/autohaus-peschel.de\/wp-content\/uploads\/2024\/12\/IMG_5229-300x225.jpg 300w, https:\/\/autohaus-peschel.de\/wp-content\/uploads\/2024\/12\/IMG_5229-768x576.jpg 768w, https:\/\/autohaus-peschel.de\/wp-content\/uploads\/2024\/12\/IMG_5229-1536x1152.jpg 1536w, https:\/\/autohaus-peschel.de\/wp-content\/uploads\/2024\/12\/IMG_5229.jpg 2048w\" sizes=\"(max-width: 1024px) 100vw, 1024px\" \/>\t\t\t\t\t\t\t\t\t\t\t\t\t<\/div>\n\t\t\t\t<\/div>\n\t\t\t\t\t<\/div>\n\t\t<\/div>\n\t\t\t\t\t<\/div>\n\t\t<\/section>\n\t\t\t\t<section class=\"elementor-section elementor-top-section elementor-element elementor-element-1117c64 elementor-section-boxed elementor-section-height-default elementor-section-height-default\" data-id=\"1117c64\" data-element_type=\"section\">\n\t\t\t\t\t\t<div class=\"elementor-container elementor-column-gap-default\">\n\t\t\t\t\t<div class=\"elementor-column elementor-col-100 elementor-top-column elementor-element elementor-element-15e21b4\" data-id=\"15e21b4\" data-element_type=\"column\">\n\t\t\t<div class=\"elementor-widget-wrap elementor-element-populated\">\n\t\t\t\t\t\t<div class=\"elementor-element elementor-element-432f705 elementor-widget elementor-widget-text-editor\" data-id=\"432f705\" data-element_type=\"widget\" data-widget_type=\"text-editor.default\">\n\t\t\t\t<div class=\"elementor-widget-container\">\n\t\t\t<style>\/*! elementor - v3.23.0 - 05-08-2024 *\/\n.elementor-widget-text-editor.elementor-drop-cap-view-stacked .elementor-drop-cap{background-color:#69727d;color:#fff}.elementor-widget-text-editor.elementor-drop-cap-view-framed .elementor-drop-cap{color:#69727d;border:3px solid;background-color:transparent}.elementor-widget-text-editor:not(.elementor-drop-cap-view-default) .elementor-drop-cap{margin-top:8px}.elementor-widget-text-editor:not(.elementor-drop-cap-view-default) .elementor-drop-cap-letter{width:1em;height:1em}.elementor-widget-text-editor .elementor-drop-cap{float:left;text-align:center;line-height:1;font-size:50px}.elementor-widget-text-editor .elementor-drop-cap-letter{display:inline-block}<\/style>\t\t\t\t<div class=\"document-page\" data-page=\"1\"><div class=\"pdf-page\"><div class=\"text-wrapper user-select-text\"><h4 data-canvas-width=\"435.7026666666667\"><strong>Renault ZOE<\/strong> mieten ab 49 EUR (Elektroauto mieten E Auto ZE)<\/h4><div data-canvas-width=\"299.03866666666653\">Warum kaufen, wenn man auch mieten kann!<\/div><div data-canvas-width=\"476.71066666666695\">Sie sind noch nie Elektroauto gefahren, sind aber neugierig?<\/div><div data-canvas-width=\"127.73199999999999\">Sie brauchen ein<\/div><div data-canvas-width=\"387.0973333333332\">kosteng\u00fcnstiges \u00dcberbr\u00fcckungsfahrzeug, oder Mietwagen?<\/div><div data-canvas-width=\"604.0760000000001\">Egal ob Sie einen spontanen Wochenendtrip planen, oder ein Fahrzeug f\u00fcr mehrere Monate<\/div><div data-canvas-width=\"57.53733333333333\">suchen!<\/div><div data-canvas-width=\"546.2453333333336\">Wir haben genau das richtige Fahrzeug f\u00fcr Sie! Und nebenbei halbieren Sie ihre<\/div><div data-canvas-width=\"540.246666666667\">Tankrechnung, selbst wenn Sie den Strom aus Ihrer heimischen Steckdose ziehen!<\/div><div data-canvas-width=\"602.5846666666665\">Unsere Fahrzeuge haben alle einen 41 kWh gro\u00dfen Akku und erreichen in der Praxis Reichweiten<\/div><div data-canvas-width=\"308.26133333333325\">zwischen 200 km (Winter) und 320 km (Sommer).<\/div><div data-canvas-width=\"600.4379999999996\">Mit dem Typ 2 Kabel k\u00f6nnen Sie alle \u00f6ffentlichen Ladestationen nutzen und durch das optionale<\/div><div data-canvas-width=\"447.5186666666666\">Schukoladekabel wird auch die Haushaltssteckdose zum Stromspender.<\/div><div>\u200b<\/div><\/div><\/div><\/div><div class=\"document-page\" data-page=\"2\"><div class=\"pdf-page\"><div class=\"canvas-wrapper\"><span style=\"font-size: 16px;\">Sichern Sie sich jetzt Ihre pers\u00f6nliche ZOE Fahrt bereits ab 49,- EUR.<\/span><\/div><div class=\"text-wrapper user-select-text\"><div data-canvas-width=\"562.3066666666662\">Die Preis\u00fcbersicht finden Sie auf dem letzten Bild. Andere Laufzeiten und Langzeitmiete bis 12<\/div><div data-canvas-width=\"198.28000000000003\">Monate sind auf Anfrage m\u00f6glich.<\/div><div data-canvas-width=\"582.333333333333\">F\u00fcr die Fahrt mit dem Renault ZOE ben\u00f6tigen Sie einen g\u00fcltigen F\u00fchrerschein der Klasse B (PKW<\/div><div data-canvas-width=\"85.76\">F\u00fchrerschein).<\/div><div data-canvas-width=\"422.57333333333327\">Wenn E-Mobilit\u00e4t, dann nach Mei\u00dfen zum Autohaus Gebr\u00fcder Peschel!<\/div><\/div><\/div><\/div>\t\t\t\t\t\t<\/div>\n\t\t\t\t<\/div>\n\t\t\t\t\t<\/div>\n\t\t<\/div>\n\t\t\t\t\t<\/div>\n\t\t<\/section>\n\t\t\t\t<section class=\"elementor-section elementor-top-section elementor-element elementor-element-a7e22a0 elementor-section-boxed elementor-section-height-default elementor-section-height-default\" data-id=\"a7e22a0\" data-element_type=\"section\">\n\t\t\t\t\t\t<div class=\"elementor-container elementor-column-gap-default\">\n\t\t\t\t\t<div class=\"elementor-column elementor-col-100 elementor-top-column elementor-element elementor-element-339ac7a\" data-id=\"339ac7a\" data-element_type=\"column\">\n\t\t\t<div class=\"elementor-widget-wrap elementor-element-populated\">\n\t\t\t\t\t\t<div class=\"elementor-element elementor-element-530bc87 elementor-widget-divider--view-line elementor-widget elementor-widget-divider\" data-id=\"530bc87\" data-element_type=\"widget\" data-widget_type=\"divider.default\">\n\t\t\t\t<div class=\"elementor-widget-container\">\n\t\t\t<style>\/*! elementor - v3.23.0 - 05-08-2024 *\/\n.elementor-widget-divider{--divider-border-style:none;--divider-border-width:1px;--divider-color:#0c0d0e;--divider-icon-size:20px;--divider-element-spacing:10px;--divider-pattern-height:24px;--divider-pattern-size:20px;--divider-pattern-url:none;--divider-pattern-repeat:repeat-x}.elementor-widget-divider .elementor-divider{display:flex}.elementor-widget-divider .elementor-divider__text{font-size:15px;line-height:1;max-width:95%}.elementor-widget-divider .elementor-divider__element{margin:0 var(--divider-element-spacing);flex-shrink:0}.elementor-widget-divider .elementor-icon{font-size:var(--divider-icon-size)}.elementor-widget-divider .elementor-divider-separator{display:flex;margin:0;direction:ltr}.elementor-widget-divider--view-line_icon .elementor-divider-separator,.elementor-widget-divider--view-line_text .elementor-divider-separator{align-items:center}.elementor-widget-divider--view-line_icon .elementor-divider-separator:after,.elementor-widget-divider--view-line_icon .elementor-divider-separator:before,.elementor-widget-divider--view-line_text .elementor-divider-separator:after,.elementor-widget-divider--view-line_text .elementor-divider-separator:before{display:block;content:\"\";border-block-end:0;flex-grow:1;border-block-start:var(--divider-border-width) var(--divider-border-style) var(--divider-color)}.elementor-widget-divider--element-align-left .elementor-divider .elementor-divider-separator>.elementor-divider__svg:first-of-type{flex-grow:0;flex-shrink:100}.elementor-widget-divider--element-align-left .elementor-divider-separator:before{content:none}.elementor-widget-divider--element-align-left .elementor-divider__element{margin-left:0}.elementor-widget-divider--element-align-right .elementor-divider .elementor-divider-separator>.elementor-divider__svg:last-of-type{flex-grow:0;flex-shrink:100}.elementor-widget-divider--element-align-right .elementor-divider-separator:after{content:none}.elementor-widget-divider--element-align-right .elementor-divider__element{margin-right:0}.elementor-widget-divider--element-align-start .elementor-divider .elementor-divider-separator>.elementor-divider__svg:first-of-type{flex-grow:0;flex-shrink:100}.elementor-widget-divider--element-align-start .elementor-divider-separator:before{content:none}.elementor-widget-divider--element-align-start .elementor-divider__element{margin-inline-start:0}.elementor-widget-divider--element-align-end .elementor-divider .elementor-divider-separator>.elementor-divider__svg:last-of-type{flex-grow:0;flex-shrink:100}.elementor-widget-divider--element-align-end .elementor-divider-separator:after{content:none}.elementor-widget-divider--element-align-end .elementor-divider__element{margin-inline-end:0}.elementor-widget-divider:not(.elementor-widget-divider--view-line_text):not(.elementor-widget-divider--view-line_icon) .elementor-divider-separator{border-block-start:var(--divider-border-width) var(--divider-border-style) var(--divider-color)}.elementor-widget-divider--separator-type-pattern{--divider-border-style:none}.elementor-widget-divider--separator-type-pattern.elementor-widget-divider--view-line .elementor-divider-separator,.elementor-widget-divider--separator-type-pattern:not(.elementor-widget-divider--view-line) .elementor-divider-separator:after,.elementor-widget-divider--separator-type-pattern:not(.elementor-widget-divider--view-line) .elementor-divider-separator:before,.elementor-widget-divider--separator-type-pattern:not([class*=elementor-widget-divider--view]) .elementor-divider-separator{width:100%;min-height:var(--divider-pattern-height);-webkit-mask-size:var(--divider-pattern-size) 100%;mask-size:var(--divider-pattern-size) 100%;-webkit-mask-repeat:var(--divider-pattern-repeat);mask-repeat:var(--divider-pattern-repeat);background-color:var(--divider-color);-webkit-mask-image:var(--divider-pattern-url);mask-image:var(--divider-pattern-url)}.elementor-widget-divider--no-spacing{--divider-pattern-size:auto}.elementor-widget-divider--bg-round{--divider-pattern-repeat:round}.rtl .elementor-widget-divider .elementor-divider__text{direction:rtl}.e-con-inner>.elementor-widget-divider,.e-con>.elementor-widget-divider{width:var(--container-widget-width,100%);--flex-grow:var(--container-widget-flex-grow)}<\/style>\t\t<div class=\"elementor-divider\">\n\t\t\t<span class=\"elementor-divider-separator\">\n\t\t\t\t\t\t<\/span>\n\t\t<\/div>\n\t\t\t\t<\/div>\n\t\t\t\t<\/div>\n\t\t\t\t\t<\/div>\n\t\t<\/div>\n\t\t\t\t\t<\/div>\n\t\t<\/section>\n\t\t\t\t<section class=\"elementor-section elementor-top-section elementor-element elementor-element-b2ee502 elementor-section-boxed elementor-section-height-default elementor-section-height-default\" data-id=\"b2ee502\" data-element_type=\"section\">\n\t\t\t\t\t\t<div class=\"elementor-container elementor-column-gap-default\">\n\t\t\t\t\t<div class=\"elementor-column elementor-col-100 elementor-top-column elementor-element elementor-element-4c0c9d5\" data-id=\"4c0c9d5\" data-element_type=\"column\">\n\t\t\t<div class=\"elementor-widget-wrap elementor-element-populated\">\n\t\t\t\t\t\t<div class=\"elementor-element elementor-element-18c6469 elementor-widget elementor-widget-text-editor\" data-id=\"18c6469\" data-element_type=\"widget\" data-widget_type=\"text-editor.default\">\n\t\t\t\t<div class=\"elementor-widget-container\">\n\t\t\t\t\t\t\t<div class=\"document-page\" data-page=\"2\"><div class=\"pdf-page\"><div class=\"text-wrapper user-select-text\"><h4 data-canvas-width=\"484.63066666666697\"><strong>Renault Grand Trafic<\/strong> mieten ab 39 EUR (8 Sitzer Bus Navi Mietwagen)<\/h4><div data-canvas-width=\"603.9840000000002\">Egal ob Kindergeburtstag (6 Stunden f\u00fcr 39,-\u20ac), oder die lange<\/div><div data-canvas-width=\"604.1120000000001\">Urlaubsfahrt mit viel Gep\u00e4ck: unser Trafic ist f\u00fcr jeden Einsatzzweck<\/div><div data-canvas-width=\"604.1600000000001\">perfekt geeignet! Die Preis\u00fcbersicht ist auf dem letzten Bild, oder unserer<\/div><div data-canvas-width=\"603.9999999999998\">Homepage zu finden. Z.B. 1 Woche mit 2.000 Freikilometern = 439 EUR,<\/div><div data-canvas-width=\"421.87199999999996\">oder 2 Wochen mit 3.500 Freikilometern = 759 EUR.<\/div><div data-canvas-width=\"562.9599999999999\">Unsere Trafic verf\u00fcgt unter anderen \u00fcber folgende Serienausstattung:<\/div><div data-canvas-width=\"354.94399999999996\">&#8211; 8, oder9 Sitzpl\u00e4tze und gro\u00dfer Kofferraum<\/div><div data-canvas-width=\"126.28\">(langer Radstand)<\/div><div>\u200b<\/div><\/div><\/div><\/div><div class=\"document-page\" data-page=\"3\"><div class=\"pdf-page\"><div class=\"canvas-wrapper\"><span style=\"font-size: 16px;\">&#8211; 150 PS Dieselmotor<\/span><\/div><div class=\"text-wrapper user-select-text\"><div data-canvas-width=\"115.374\">(Gr\u00fcne Plakette)<\/div><div data-canvas-width=\"190.15999999999997\">&#8211; 6 Gang Schaltgetriebe<\/div><div data-canvas-width=\"528.4\">&#8211; Navi, Klimaanlage, 360\u00b0 Einparkhilfe mit Kamera, Tempomat,<\/div><div data-canvas-width=\"40.239999999999995\">uvm.<\/div><\/div><\/div><\/div>\t\t\t\t\t\t<\/div>\n\t\t\t\t<\/div>\n\t\t\t\t\t<\/div>\n\t\t<\/div>\n\t\t\t\t\t<\/div>\n\t\t<\/section>\n\t\t\t\t<\/div>\n\t\t","protected":false},"excerpt":{"rendered":"<p>Renault ZOE mieten ab 49 EUR (Elektroauto mieten E Auto ZE) Warum kaufen, wenn man auch mieten kann!Sie sind noch nie Elektroauto gefahren, sind aber neugierig?Sie brauchen einkosteng\u00fcnstiges \u00dcberbr\u00fcckungsfahrzeug, oder Mietwagen?Egal ob Sie einen spontanen Wochenendtrip planen, oder ein Fahrzeug f\u00fcr mehrere Monatesuchen!Wir haben genau das richtige Fahrzeug f\u00fcr Sie! Und nebenbei halbieren Sie ihreTankrechnung, [&hellip;]<\/p>\n","protected":false},"author":1,"featured_media":0,"parent":0,"menu_order":0,"comment_status":"closed","ping_status":"closed","template":"","meta":{"site-sidebar-layout":"no-sidebar","site-content-layout":"page-builder","ast-site-content-layout":"full-width-container","site-content-style":"default","site-sidebar-style":"default","ast-global-header-display":"","ast-banner-title-visibility":"","ast-main-header-display":"","ast-hfb-above-header-display":"","ast-hfb-below-header-display":"","ast-hfb-mobile-header-display":"","site-post-title":"disabled","ast-breadcrumbs-content":"","ast-featured-img":"disabled","footer-sml-layout":"","ast-disable-related-posts":"","theme-transparent-header-meta":"","adv-header-id-meta":"","stick-header-meta":"","header-above-stick-meta":"","header-main-stick-meta":"","header-below-stick-meta":"","astra-migrate-meta-layouts":"set","ast-page-background-enabled":"default","ast-page-background-meta":{"desktop":{"background-color":"","background-image":"","background-repeat":"repeat","background-position":"center center","background-size":"auto","background-attachment":"scroll","background-type":"","background-media":"","overlay-type":"","overlay-color":"","overlay-opacity":"","overlay-gradient":""},"tablet":{"background-color":"","background-image":"","background-repeat":"repeat","background-position":"center center","background-size":"auto","background-attachment":"scroll","background-type":"","background-media":"","overlay-type":"","overlay-color":"","overlay-opacity":"","overlay-gradient":""},"mobile":{"background-color":"","background-image":"","background-repeat":"repeat","background-position":"center center","background-size":"auto","background-attachment":"scroll","background-type":"","background-media":"","overlay-type":"","overlay-color":"","overlay-opacity":"","overlay-gradient":""}},"ast-content-background-meta":{"desktop":{"background-color":"var(--ast-global-color-5)","background-image":"","background-repeat":"repeat","background-position":"center center","background-size":"auto","background-attachment":"scroll","background-type":"","background-media":"","overlay-type":"","overlay-color":"","overlay-opacity":"","overlay-gradient":""},"tablet":{"background-color":"var(--ast-global-color-5)","background-image":"","background-repeat":"repeat","background-position":"center center","background-size":"auto","background-attachment":"scroll","background-type":"","background-media":"","overlay-type":"","overlay-color":"","overlay-opacity":"","overlay-gradient":""},"mobile":{"background-color":"var(--ast-global-color-5)","background-image":"","background-repeat":"repeat","background-position":"center center","background-size":"auto","background-attachment":"scroll","background-type":"","background-media":"","overlay-type":"","overlay-color":"","overlay-opacity":"","overlay-gradient":""}}},"_links":{"self":[{"href":"https:\/\/autohaus-peschel.de\/index.php?rest_route=\/wp\/v2\/pages\/1419"}],"collection":[{"href":"https:\/\/autohaus-peschel.de\/index.php?rest_route=\/wp\/v2\/pages"}],"about":[{"href":"https:\/\/autohaus-peschel.de\/index.php?rest_route=\/wp\/v2\/types\/page"}],"author":[{"embeddable":true,"href":"https:\/\/autohaus-peschel.de\/index.php?rest_route=\/wp\/v2\/users\/1"}],"replies":[{"embeddable":true,"href":"https:\/\/autohaus-peschel.de\/index.php?rest_route=%2Fwp%2Fv2%2Fcomments&post=1419"}],"version-history":[{"count":10,"href":"https:\/\/autohaus-peschel.de\/index.php?rest_route=\/wp\/v2\/pages\/1419\/revisions"}],"predecessor-version":[{"id":1455,"href":"https:\/\/autohaus-peschel.de\/index.php?rest_route=\/wp\/v2\/pages\/1419\/revisions\/1455"}],"wp:attachment":[{"href":"https:\/\/autohaus-peschel.de\/index.php?rest_route=%2Fwp%2Fv2%2Fmedia&parent=1419"}],"curies":[{"name":"wp","href":"https:\/\/api.w.org\/{rel}","templated":true}]}}