{"id":1099,"date":"2023-05-17T07:45:43","date_gmt":"2023-05-17T07:45:43","guid":{"rendered":"https:\/\/autohaus-peschel.de\/?page_id=1099"},"modified":"2023-05-17T07:45:43","modified_gmt":"2023-05-17T07:45:43","slug":"impressum","status":"publish","type":"page","link":"https:\/\/autohaus-peschel.de\/?page_id=1099","title":{"rendered":"Impressum"},"content":{"rendered":"\n<p>Autohaus Gebr\u00fcder Peschel OHG<br>Am Wall 2<br>01662 Mei\u00dfen<\/p>\n\n\n\n<p>Tel: 03521 \/ 7001-0<br>Fax: 03521 \/ 7001-22<br>E-Mail: info(at)<a href=\"http:\/\/partner.renault.de\/\">autohaus-peschel.de<\/a> <br>Internet: www.autohaus-gebr\u00fcder-peschel.de <\/p>\n\n\n\n<p>Inhaber: Heinz Peschel, Thomas Peschel<\/p>\n\n\n\n<p>HRA:11662, Amtsgericht Dresden USt-IdNr.: DE357346321<\/p>\n\n\n\n<p>Verantwortlich f\u00fcr den Inhalt ist nach \u00a7 55 Abs. 2 RStV: Thomas Peschel<br><strong><em><a href=\"http:\/\/xn--autohaus-gebrder-peschel-7sc.de\/agbs.htm\">Unsere allgemeinen Gesch\u00e4ftbedingungen finden Sie hier<\/a><\/em><\/strong><\/p>\n\n\n\n<p>Wenn nicht anders vermerkt, liegen alle Rechte der Fotos bei der Firma Autohaus Gebr\u00fcder Peschel OHG, bei Renault, Dacia oder AIXAM.<\/p>\n\n\n\n<p>Haftungshinweis: Trotz sorgf\u00e4ltiger inhaltlicher Kontrolle \u00fcbernehmen wir keine Haftung f\u00fcr die Inhalte externer Links. F\u00fcr den Inhalt der verlinkten Seiten sind ausschlie\u00dflich deren Betreiber verantwortlich.<\/p>\n","protected":false},"excerpt":{"rendered":"<p>Autohaus Gebr\u00fcder Peschel OHGAm Wall 201662 Mei\u00dfen Tel: 03521 \/ 7001-0Fax: 03521 \/ 7001-22E-Mail: info(at)autohaus-peschel.de Internet: www.autohaus-gebr\u00fcder-peschel.de Inhaber: Heinz Peschel, Thomas Peschel HRA:11662, Amtsgericht Dresden USt-IdNr.: DE357346321 Verantwortlich f\u00fcr den Inhalt ist nach \u00a7 55 Abs. 2 RStV: Thomas PeschelUnsere allgemeinen Gesch\u00e4ftbedingungen finden Sie hier Wenn nicht anders vermerkt, liegen alle Rechte der Fotos bei [&hellip;]<\/p>\n","protected":false},"author":1,"featured_media":0,"parent":0,"menu_order":0,"comment_status":"closed","ping_status":"closed","template":"","meta":{"site-sidebar-layout":"default","site-content-layout":"","ast-site-content-layout":"default","site-content-style":"default","site-sidebar-style":"default","ast-global-header-display":"","ast-banner-title-visibility":"","ast-main-header-display":"","ast-hfb-above-header-display":"","ast-hfb-below-header-display":"","ast-hfb-mobile-header-display":"","site-post-title":"","ast-breadcrumbs-content":"","ast-featured-img":"","footer-sml-layout":"","ast-disable-related-posts":"","theme-transparent-header-meta":"","adv-header-id-meta":"","stick-header-meta":"","header-above-stick-meta":"","header-main-stick-meta":"","header-below-stick-meta":"","astra-migrate-meta-layouts":"default","ast-page-background-enabled":"default","ast-page-background-meta":{"desktop":{"background-color":"","background-image":"","background-repeat":"repeat","background-position":"center center","background-size":"auto","background-attachment":"scroll","background-type":"","background-media":"","overlay-type":"","overlay-color":"","overlay-opacity":"","overlay-gradient":""},"tablet":{"background-color":"","background-image":"","background-repeat":"repeat","background-position":"center center","background-size":"auto","background-attachment":"scroll","background-type":"","background-media":"","overlay-type":"","overlay-color":"","overlay-opacity":"","overlay-gradient":""},"mobile":{"background-color":"","background-image":"","background-repeat":"repeat","background-position":"center center","background-size":"auto","background-attachment":"scroll","background-type":"","background-media":"","overlay-type":"","overlay-color":"","overlay-opacity":"","overlay-gradient":""}},"ast-content-background-meta":{"desktop":{"background-color":"var(--ast-global-color-5)","background-image":"","background-repeat":"repeat","background-position":"center center","background-size":"auto","background-attachment":"scroll","background-type":"","background-media":"","overlay-type":"","overlay-color":"","overlay-opacity":"","overlay-gradient":""},"tablet":{"background-color":"var(--ast-global-color-5)","background-image":"","background-repeat":"repeat","background-position":"center center","background-size":"auto","background-attachment":"scroll","background-type":"","background-media":"","overlay-type":"","overlay-color":"","overlay-opacity":"","overlay-gradient":""},"mobile":{"background-color":"var(--ast-global-color-5)","background-image":"","background-repeat":"repeat","background-position":"center center","background-size":"auto","background-attachment":"scroll","background-type":"","background-media":"","overlay-type":"","overlay-color":"","overlay-opacity":"","overlay-gradient":""}}},"_links":{"self":[{"href":"https:\/\/autohaus-peschel.de\/index.php?rest_route=\/wp\/v2\/pages\/1099"}],"collection":[{"href":"https:\/\/autohaus-peschel.de\/index.php?rest_route=\/wp\/v2\/pages"}],"about":[{"href":"https:\/\/autohaus-peschel.de\/index.php?rest_route=\/wp\/v2\/types\/page"}],"author":[{"embeddable":true,"href":"https:\/\/autohaus-peschel.de\/index.php?rest_route=\/wp\/v2\/users\/1"}],"replies":[{"embeddable":true,"href":"https:\/\/autohaus-peschel.de\/index.php?rest_route=%2Fwp%2Fv2%2Fcomments&post=1099"}],"version-history":[{"count":1,"href":"https:\/\/autohaus-peschel.de\/index.php?rest_route=\/wp\/v2\/pages\/1099\/revisions"}],"predecessor-version":[{"id":1100,"href":"https:\/\/autohaus-peschel.de\/index.php?rest_route=\/wp\/v2\/pages\/1099\/revisions\/1100"}],"wp:attachment":[{"href":"https:\/\/autohaus-peschel.de\/index.php?rest_route=%2Fwp%2Fv2%2Fmedia&parent=1099"}],"curies":[{"name":"wp","href":"https:\/\/api.w.org\/{rel}","templated":true}]}}